{"id":1256,"date":"2021-06-25T09:03:23","date_gmt":"2021-06-25T08:03:23","guid":{"rendered":"https:\/\/www.campinglesroches.com\/conditions-generales-de-vente\/"},"modified":"2021-06-25T09:04:25","modified_gmt":"2021-06-25T08:04:25","slug":"sales-terms-and-conditions","status":"publish","type":"page","link":"https:\/\/www.campinglesroches.com\/en\/sales-terms-and-conditions\/","title":{"rendered":"Sales terms and conditions"},"content":{"rendered":"<div class=\"fusion-fullwidth fullwidth-box fusion-builder-row-1 nonhundred-percent-fullwidth non-hundred-percent-height-scrolling\"  style='background-color: rgba(255,255,255,0);background-position: center center;background-repeat: no-repeat;padding-top:20px;padding-right:0px;padding-bottom:20px;padding-left:0px;'><div class=\"fusion-builder-row fusion-row \"><div  class=\"fusion-layout-column fusion_builder_column fusion_builder_column_1_1 fusion-builder-column-1 fusion-one-full fusion-column-first fusion-column-last 1_1\"  style='margin-top:0px;margin-bottom:20px;'>\n\t\t\t\t\t<div class=\"fusion-column-wrapper\" style=\"padding: 0px 0px 0px 0px;background-position:left top;background-repeat:no-repeat;-webkit-background-size:cover;-moz-background-size:cover;-o-background-size:cover;background-size:cover;\"   data-bg-url=\"\">\n\t\t\t\t\t\tThe deposit is 30% of the total rental and 10 euro fee. <br\/>This price includes all charges except the tourist tax is of 0.30  per person per day <br\/>The travel dates must be very accurate, they represent the actual length of the lease, our clients will have to adjust. <br\/>The lease is effective only if accompanied by a deposit when booking. <br\/>Any lease that is not honored within 24 hours will be canceled and the deposit lost. <br\/><br\/>Cancellation of stay with cancellation insurance subscription:<br\/>\u2022 The Domaine camping les Roches offers you a \u201cCampez Couvert\u201d cancellation insurance.<br\/>Reasons for cancellation covered by the insurer:<br\/>\u27a2 Medical reasons: serious illness or accident, death, complications due to pregnancy before the 26th<br\/>week<br\/>\u27a2 Personal reasons: summons for the adoption of a child, a remedial examination or a transplant<br\/>organ, separation, etc.<br\/>\u27a2 Serious damage to your vehicle within 48 hours before departure<br\/>\u27a2 Professional reasons: cancellation or modification of the dates of paid leave, redundancy or<br\/>contractual termination, professional transfer, obtaining a job, etc.<br\/>\u27a2 Serious damage to professional or private premises (fire, explosion, water damage, theft, disasters<br\/>nature), identity card, driving license or passport theft, visa refusal.<br\/>\u27a2 New: Covid-19 extension! Payment of cancellation costs in the event of Covid-19 illness, implementation<br\/>fortnight following a positive test or following a declared contact case, or denied boarding.<br\/>\u2022 Brochure or general conditions of \u201cCampez Couvert\u201d available at the campsite, or on the website:<br\/>www.campez-couvert.com<br\/><br\/><br\/><br\/>The tenant agrees to pay the owner the balance of the rent upon arrival. <br\/>It was agreed that an inventory and an inventory of equipment will take place on arrival and the departure of the tenant. <br\/>Any loss or damage will be compensated. <br\/>The premises shall be left clean, a charge of 50  will be retained when cleaning. <br\/><br\/>A security to guarantee the d\u00e9g\u00e2tscaus\u00e9s by the client and the badge of the barrier is set at 100 . She will be required upon arrival. <br\/><br\/>The tenant said he agreed on the lease after having knowledge of the conditions thereto and provided by the owner.<br\/><br\/>NO DISCOUNT WILL BE ACCEPTED IN THE CASE OF LATE ARRIVAL OR EARLY DEPARTURE.<div class=\"fusion-clearfix\"><\/div>\n\n\t\t\t\t\t<\/div>\n\t\t\t\t<\/div><\/div><\/div>\n","protected":false},"excerpt":{"rendered":"","protected":false},"author":1,"featured_media":0,"parent":0,"menu_order":0,"comment_status":"closed","ping_status":"closed","template":"","meta":[],"_links":{"self":[{"href":"https:\/\/www.campinglesroches.com\/en\/wp-json\/wp\/v2\/pages\/1256"}],"collection":[{"href":"https:\/\/www.campinglesroches.com\/en\/wp-json\/wp\/v2\/pages"}],"about":[{"href":"https:\/\/www.campinglesroches.com\/en\/wp-json\/wp\/v2\/types\/page"}],"author":[{"embeddable":true,"href":"https:\/\/www.campinglesroches.com\/en\/wp-json\/wp\/v2\/users\/1"}],"replies":[{"embeddable":true,"href":"https:\/\/www.campinglesroches.com\/en\/wp-json\/wp\/v2\/comments?post=1256"}],"version-history":[{"count":1,"href":"https:\/\/www.campinglesroches.com\/en\/wp-json\/wp\/v2\/pages\/1256\/revisions"}],"predecessor-version":[{"id":1257,"href":"https:\/\/www.campinglesroches.com\/en\/wp-json\/wp\/v2\/pages\/1256\/revisions\/1257"}],"wp:attachment":[{"href":"https:\/\/www.campinglesroches.com\/en\/wp-json\/wp\/v2\/media?parent=1256"}],"curies":[{"name":"wp","href":"https:\/\/api.w.org\/{rel}","templated":true}]}}