{"id":1255,"date":"2021-06-25T09:03:23","date_gmt":"2021-06-25T08:03:23","guid":{"rendered":"https:\/\/www.campinglesroches.com\/conditions-generales-de-vente\/"},"modified":"2021-06-25T09:04:40","modified_gmt":"2021-06-25T08:04:40","slug":"algemene-voorwaarden","status":"publish","type":"page","link":"https:\/\/www.campinglesroches.com\/nl\/algemene-voorwaarden\/","title":{"rendered":"Algemene voorwaarden"},"content":{"rendered":"<div class=\"fusion-fullwidth fullwidth-box fusion-builder-row-1 nonhundred-percent-fullwidth non-hundred-percent-height-scrolling\"  style='background-color: rgba(255,255,255,0);background-position: center center;background-repeat: no-repeat;padding-top:20px;padding-right:0px;padding-bottom:20px;padding-left:0px;'><div class=\"fusion-builder-row fusion-row \"><div  class=\"fusion-layout-column fusion_builder_column fusion_builder_column_1_1 fusion-builder-column-1 fusion-one-full fusion-column-first fusion-column-last 1_1\"  style='margin-top:0px;margin-bottom:20px;'>\n\t\t\t\t\t<div class=\"fusion-column-wrapper\" style=\"padding: 0px 0px 0px 0px;background-position:left top;background-repeat:no-repeat;-webkit-background-size:cover;-moz-background-size:cover;-o-background-size:cover;background-size:cover;\"   data-bg-url=\"\">\n\t\t\t\t\t\tDe aanbetaling is 30% van de totale huursom en 10 euro kosten. <br\/>Deze prijs omvat alle kosten met uitzondering van de toeristenbelasting van 0,55 per persoon per dag <br\/>De reisdatums moet zeer nauwkeurig, zij vertegenwoordigen de werkelijke duur van de huurovereenkomst, zullen onze klanten moeten aanpassen. <br\/>De huurovereenkomst is alleen effectief indien vergezeld van een aanbetaling bij de boeking. <br\/>Elke lease-overeenkomst die niet is gehonoreerd binnen 24 uur worden geannuleerd en de aanbetaling kwijt. <br\/>De huurder gaat akkoord met de eigenaar van het saldo van de huur een maand v\u00f3\u00f3r zijn aankomst.<br\/><br\/>Annulering van verblijf met abonnement annuleringsverzekering:<br\/>\u2022 Domaine camping les Roches biedt u een annuleringsverzekering \u201cCampez Couvert\u201d aan.<br\/>Redenen van opzegging gedekt door de verzekeraar:<br\/>\u27a2 Medische redenen: ernstige ziekte of ongeval, overlijden, complicaties door zwangerschap voor de 26e<br\/>week<br\/>\u27a2 Persoonlijke redenen: oproeping tot adoptie van een kind, een orthopedisch onderzoek of een transplantatie<br\/>orgaan, scheiding, enz.<br\/>\u27a2 Ernstige schade aan uw voertuig binnen 48 uur voor vertrek<br\/>\u27a2 Professionele redenen: annulering of wijziging van de data van betaald verlof, ontslag of<br\/>contractbe\u00ebindiging, professionele overplaatsing, het verkrijgen van een baan, enz.<br\/>\u27a2 Ernstige schade aan bedrijfs- of priv\u00e9panden (brand, ontploffing, waterschade, diefstal, rampen).<br\/>aard), identiteitskaart, rijbewijs- of paspoortdiefstal, visumweigering.<br\/>\u27a2 Nieuw: Covid-19 verlenging! Betaling annuleringskosten bij ziekte Covid-19, uitvoering<br\/>twee weken na een positieve test of na een gemeld contactgeval of instapweigering.<br\/>\u2022 Brochure of algemene voorwaarden van \u201cCampez Couvert\u201d verkrijgbaar op de camping of op de website:<br\/>www.campez-couvert.com<br\/><br\/>De huurder stemt ermee in om de eigenaar betaalt het saldo van de huur bij aankomst. <br\/>Er werd overeengekomen dat een inventaris en een inventaris van de apparatuur zal plaatsvinden bij aankomst en het vertrek van de huurder te nemen. <br\/>Enig verlies of schade zal worden vergoed. <br\/>Het bedrijf moet schoon achtergelaten worden, zal een bedrag van 50  worden bewaard bij het schoonmaken. <br\/><br\/>Een zekerheid voor de d\u00e9g\u00e2tscaus\u00e9s door de opdrachtgever en de badge van de dam is vastgesteld op 100  garantie. Ze zullen worden verplicht bij aankomst. <br\/><br\/>De huurder zei dat hij overeenstemming bereikt over de huurovereenkomst na de kennis met betrekking voorwaarden en geleverd door de eigenaar. <br\/><br\/>GEEN KORTING zal worden aanvaard in het geval van late aankomst of vervroegd vertrek.<div class=\"fusion-clearfix\"><\/div>\n\n\t\t\t\t\t<\/div>\n\t\t\t\t<\/div><\/div><\/div>\n","protected":false},"excerpt":{"rendered":"","protected":false},"author":1,"featured_media":0,"parent":0,"menu_order":0,"comment_status":"closed","ping_status":"closed","template":"","meta":[],"_links":{"self":[{"href":"https:\/\/www.campinglesroches.com\/nl\/wp-json\/wp\/v2\/pages\/1255"}],"collection":[{"href":"https:\/\/www.campinglesroches.com\/nl\/wp-json\/wp\/v2\/pages"}],"about":[{"href":"https:\/\/www.campinglesroches.com\/nl\/wp-json\/wp\/v2\/types\/page"}],"author":[{"embeddable":true,"href":"https:\/\/www.campinglesroches.com\/nl\/wp-json\/wp\/v2\/users\/1"}],"replies":[{"embeddable":true,"href":"https:\/\/www.campinglesroches.com\/nl\/wp-json\/wp\/v2\/comments?post=1255"}],"version-history":[{"count":1,"href":"https:\/\/www.campinglesroches.com\/nl\/wp-json\/wp\/v2\/pages\/1255\/revisions"}],"predecessor-version":[{"id":1258,"href":"https:\/\/www.campinglesroches.com\/nl\/wp-json\/wp\/v2\/pages\/1255\/revisions\/1258"}],"wp:attachment":[{"href":"https:\/\/www.campinglesroches.com\/nl\/wp-json\/wp\/v2\/media?parent=1255"}],"curies":[{"name":"wp","href":"https:\/\/api.w.org\/{rel}","templated":true}]}}