{"id":604,"date":"2016-12-20T13:04:58","date_gmt":"2016-12-20T12:04:58","guid":{"rendered":"https:\/\/www.campinglesroches.com\/activites-aux-alentours\/"},"modified":"2018-01-29T13:23:21","modified_gmt":"2018-01-29T12:23:21","slug":"activiteiten-in-de-omgeving","status":"publish","type":"page","link":"https:\/\/www.campinglesroches.com\/nl\/activiteiten-in-de-omgeving\/","title":{"rendered":"Activiteiten in de omgeving"},"content":{"rendered":"<div class=\"fusion-fullwidth fullwidth-box fusion-builder-row-1 nonhundred-percent-fullwidth non-hundred-percent-height-scrolling\"  style='background-color: rgba(255,255,255,0);background-position: center center;background-repeat: no-repeat;padding-top:20px;padding-right:0px;padding-bottom:20px;padding-left:0px;'><div class=\"fusion-builder-row fusion-row \"><div  class=\"fusion-layout-column fusion_builder_column fusion_builder_column_1_1 fusion-builder-column-1 fusion-one-full fusion-column-first fusion-column-last 1_1\"  style='margin-top:0px;margin-bottom:20px;'>\n\t\t\t\t\t<div class=\"fusion-column-wrapper\" style=\"background-position:left top;background-repeat:no-repeat;-webkit-background-size:cover;-moz-background-size:cover;-o-background-size:cover;background-size:cover;\"   data-bg-url=\"\">\n\t\t\t\t\t\t<style type=\"text\/css\"><\/style><div class=\"fusion-title title fusion-title-1 fusion-sep-none fusion-title-text fusion-title-size-two\" style=\"margin-top:0px;margin-bottom:31px;\"><h2 class=\"title-heading-left\" style=\"margin:0;\">Zwemmen<\/h2><\/div><div class=\"fusion-text\"><p><strong>Waterplas van Retourtour in Lamastre<\/strong> &#8211; op 15 mn<br \/>\nZwemmen onder toezicht van midden juni tot begin september, picknickplaats, speeltuin.<\/p>\n<p><strong>Waterplas van D\u00e9saignes<\/strong> &#8211; op 20 mn<br \/>\nOpen in juli en augustus (behalve maandag). Zwemmen onder toezicht, spelletjes.<\/p>\n<p><strong>Waterplas van Labatie d&#8217;Andorre<\/strong> &#8211; op 25 mn<br \/>\nZwemmen onder toezicht en speciale voorzieningen in de zomer. Picknickplaats en wandelpaden.<\/p>\n<p><strong>Watersportcentrum EYRIUM &#8211; op 35 mn<\/strong><br \/>\nHet <a class=\"link\" href=\"http:\/\/www.valeyrieux.fr\/au-quotidien\/tourisme\/la-base-aquatique-eyrium\/\" target=\"_blank\">watersportcentrum EYRIUM<\/a> ligt in het hart van Bouti\u00e8res, aan het meer van Collanges. Een meer van 1.650 m\u00b2 met glijbanen, pierenbad, buitenspelen, picknickplaats, snackbar.<\/a><\/p>\n<p><strong>Watersportpark &#8216;Parc Aquatique&#8217; aan het meer van Devesset<\/strong> &#8211; op 45 mn<br \/>\nStructuur met springkussens en glijbaan, trampoline, klimmuur &#8230; in het water!<br \/>\nActiviteit onder toezicht. Strand onder toezicht tijdens de namiddagen van juli\/augustus.<\/p>\n<\/div><div class=\"fusion-clearfix\"><\/div>\n\n\t\t\t\t\t<\/div>\n\t\t\t\t<\/div><div  class=\"fusion-layout-column fusion_builder_column fusion_builder_column_1_1 fusion-builder-column-2 fusion-one-full fusion-column-first fusion-column-last 1_1\"  style='margin-top:0px;margin-bottom:20px;'>\n\t\t\t\t\t<div class=\"fusion-column-wrapper\" style=\"background-position:left top;background-repeat:no-repeat;-webkit-background-size:cover;-moz-background-size:cover;-o-background-size:cover;background-size:cover;\"   data-bg-url=\"\">\n\t\t\t\t\t\t<style type=\"text\/css\"><\/style><div class=\"fusion-title title fusion-title-2 fusion-sep-none fusion-title-text fusion-title-size-two\" style=\"margin-top:0px;margin-bottom:31px;\"><h2 class=\"title-heading-left\" style=\"margin:0;\">Vissen<\/h2><\/div><div class=\"fusion-text\"><p><strong>Op 500 m van de camping<\/strong><br \/> Vissen in de rivier Le Doux.<br \/> Visvergunning is vereist, te koop in Lamastre (bij o.a. de supermarkt &#8216;Super U&#8217;).<\/p>\n<p><strong>De 5 bruggen circuit in Lamastre <\/strong> &#8211; op\u00a015 mn<br \/> Sportvissen (NO KILL) &#8211; over een traject van circa 3.900 meter.<\/p>\n<p><strong>Forelvissen in Labatie d&#8217;Andaure<\/strong> &#8211; op\u00a025 mn<br \/> Bij de molen &#8216;Moulin de Malfragner&#8217;. Vissen zonder vergunning. Prijs afhankelijk van het gewicht van de gevangen vis.<\/p>\n<\/div><div class=\"fusion-clearfix\"><\/div>\n\n\t\t\t\t\t<\/div>\n\t\t\t\t<\/div><div  class=\"fusion-layout-column fusion_builder_column fusion_builder_column_1_1 fusion-builder-column-3 fusion-one-full fusion-column-first fusion-column-last 1_1\"  style='margin-top:0px;margin-bottom:20px;'>\n\t\t\t\t\t<div class=\"fusion-column-wrapper\" style=\"background-position:left top;background-repeat:no-repeat;-webkit-background-size:cover;-moz-background-size:cover;-o-background-size:cover;background-size:cover;\"   data-bg-url=\"\">\n\t\t\t\t\t\t<style type=\"text\/css\"><\/style><div class=\"fusion-title title fusion-title-3 fusion-sep-none fusion-title-text fusion-title-size-two\" style=\"margin-top:0px;margin-bottom:31px;\"><h2 class=\"title-heading-left\" style=\"margin:0;\">Spelen, wandelen en sporten<\/h2><\/div><div class=\"fusion-text\"><p><strong>Ludiek pad van Monteil<\/strong> &#8211; op 5 mn<br \/>\nEen wandeling met het gezin waarbij de ontdekking van de flora en fauna een kinderspel wordt!<br \/>\nVertrek: parkeerplaats van Monteil.<\/p>\n<p><strong>Railrijwiel en Autorail <\/strong> &#8211; op 15 mn<br \/>\n<a class=\"link\" href=\"http:\/\/www.velorailardeche.com\/index.php\" target=\"_blank\">Afdaling met het railrijwiel<\/a> en <a class=\"link\" href=\"http:\/\/www.velorailardeche.com\/autorail.html\" target=\"_blank\">terug naar boven met de autorail<\/a> van Gorges du Doux naar Boucieu le Roi.<\/p>\n<p><strong>Speurtocht &#8220;Lamastre en lumi\u00e8res&#8221;<\/strong> &#8211; op 15 mn<br \/>\nSpeurtocht voor kinderen om de plaatselijke geschiedenis te ontdekken.<br \/>\nVertrek en programma speurtocht bij de <a class=\"link\" href=\"http:\/\/www.otpayslamastre-ardeche.com\/francais\/loisirs\/pour-les-enfants\/\" target=\"_blank\">toeristische dienst van Lamastre<\/a>.<\/p>\n<p><strong>In navolging van de chauffeur van Mastrou<\/strong> &#8211; op 15 mn<br \/>\n<a class=\"link\" href=\"http:\/\/www.otpayslamastre-ardeche.com\/francais\/loisirs\/pour-les-enfants\/\" target=\"_blank\">Oplossen van raadsel over spoorweg voor kinderen<\/a>.<br \/>\nVertrek en programma van het spel bij de toeristische dienst van Lamastre.<\/p>\n<p><strong>Accrobranche (boomklimmen)<\/strong> &#8211; op 50 mn<br \/>\n<a class=\"link\" href=\"http:\/\/www.parcours-ecureuil.com\/\" target=\"_blank\">Avonturenparcours van de Eekhoorn<\/a> in Chambon-sur-Lignon vlakbij Saint Agr\u00e8ve.<\/p>\n<p><strong>Avonturenpark<\/strong> &#8211; op 1h00<br \/>\n<a class=\"link\" href=\"http:\/\/www.aquarock.fr\/\" target=\"_blank\">Aquarock Aventure<\/a>, tussen de bomen, rotsen en de rivier. Gigantische tokkelbaan! In St. Michel Chabrillanoux.<\/p>\n<p><strong>Ritten op paarden of pony&#8217;s<\/strong><br \/>\n<a class=\"link\" href=\"http:\/\/www.centre-equestre-ardeche.net\/\" target=\"_blank\">Manege Le Vergier in D\u00e9saignes<\/a> (op 20 mn).<br \/>\n<a class=\"link\" href=\"http:\/\/www.centreequestredantoulin.fr\/\" target=\"_blank\">Manege op Antoulin in Champis<\/a> (op 40 mn).<\/p>\n<p><strong>Botanische wandelingen en natuurwandeling<\/strong><\/p>\n<ul>\n<li>Park Seignobos en zijn arboretum in Lamastre (op 15 mn).<\/li>\n<li>Botanische wandelingen van 3 km in D\u00e9saignes (op 20 mn).<\/li>\n<li>Op ontdekking in het kastanjebos, in D\u00e9saignes (op 20 mn).<\/li>\n<li>Locatie met prachtig landschap en uitzicht op Ch\u00e2teau de Rochebloine (op 25 min).<\/li>\n<li>Miniatuur dorp, aan de rand van Buisson in Nozi\u00e8res (op 30 mn).<\/li>\n<li>Voor het verkennen van de Mont Gerbier de Jonc en de bron van de Loire (op 1,30 uur).<\/li>\n<li>Waterval &#8216;Cascade du Ray Pic&#8217; en de Ard\u00e8che-vlakte (op 1,30 uur).<\/li>\n<\/ul>\n<p>De toeristische dienst van Lamastre biedt gezinnen een aangepaste selectie wandelkaarten.<br \/>\nVraag ernaar!<\/p>\n<p><strong>Wandeltochten en mountainbiken<\/strong><br \/>\nKaarten en gidsen over de regio zijn verkrijgbaar bij de receptie van de camping.<\/p>\n<\/div><div class=\"fusion-clearfix\"><\/div>\n\n\t\t\t\t\t<\/div>\n\t\t\t\t<\/div><div  class=\"fusion-layout-column fusion_builder_column fusion_builder_column_1_1 fusion-builder-column-4 fusion-one-full fusion-column-first fusion-column-last 1_1\"  style='margin-top:0px;margin-bottom:20px;'>\n\t\t\t\t\t<div class=\"fusion-column-wrapper\" style=\"background-position:left top;background-repeat:no-repeat;-webkit-background-size:cover;-moz-background-size:cover;-o-background-size:cover;background-size:cover;\"   data-bg-url=\"\">\n\t\t\t\t\t\t<style type=\"text\/css\"><\/style><div class=\"fusion-title title fusion-title-4 fusion-sep-none fusion-title-text fusion-title-size-two\" style=\"margin-top:0px;margin-bottom:31px;\"><h2 class=\"title-heading-left\" style=\"margin:0;\">Evenementen<\/h2><\/div><div class=\"fusion-text\"><p><strong>Wandelen La Ballastine<\/strong> &#8211; Medio April<br \/> <a class=\"link\" href=\"http:\/\/www.altituderando.com\/Dolce-Via-de-l-Ardeche-La\" target=\"_blank\" rel=\"noopener noreferrer\">Wandelen 21 km<\/a> op de oude spoorwegbedding tussen Cheylard en Lamastre (op 20 minuten van de camping).<\/p>\n<p><strong>De Trail Ard\u00e9chois van D\u00e9saignes<\/strong> &#8211; Eind april \/ begin mei<br \/> Jaarlijkse <a class=\"link\" href=\"http:\/\/www.trailardechois.com\/\" target=\"_blank\" rel=\"noopener noreferrer\">Trail<\/a> of hardloopwedstrijd-evenement op de paden van het middelgebergte van de Ard\u00e8che.<br \/> Op 20 minuten van de camping.<\/p>\n<p><strong>L&#8217;Ard\u00e9choise in Saint F\u00e9licien<\/strong> &#8211; Medio juni<br \/> <a class=\"link\" href=\"http:\/\/www.ardechoise.com\/\" target=\"_blank\" rel=\"noopener noreferrer\">De Ard\u00e9choise<\/a> wordt de grootste wielerwedstrijd voor amateurs in Europa georganiseerd met 15.000 deelnemers op de wegen van de bergen in de Ard\u00e8che, vertrek vanaf Saint F\u00e9licien (op 30 min.).<\/p>\n<p><strong>Lamas&#8217;trail Race<\/strong> &#8211; Begin juli<br \/> Sportcompetitie in Lamastre.<\/p>\n<p><strong>Countryfestival in Saint Agr\u00e8ve<\/strong> &#8211; Begin augustus<br \/> Het <a class=\"link\" href=\"http:\/\/www.equiblues.com\/\" target=\"_blank\" rel=\"noopener noreferrer\">Equiblues Festival<\/a> in Saint Agr\u00e8ve (op 40 min.), dat is zes dagen lang shows en feesten met o.a. rodeo&#8217;s, western paardrijden, dansen en concerten met countrymuziek.<\/p>\n<p><strong>De triatlon van Lamastre<\/strong> &#8211; 15 augustus<br \/> <a class=\"link\" href=\"http:\/\/www.lamastre.fr\/?-Office-Municipal-des-Sports-\" target=\"_blank\" rel=\"noopener noreferrer\">De triathlon<\/a> vindt elk jaar plaats op 15 augustus met vertrek vanaf Lamastre (of per shuttle voor deelnemers) (op 10 min.).<\/p>\n<\/div><div class=\"fusion-clearfix\"><\/div>\n\n\t\t\t\t\t<\/div>\n\t\t\t\t<\/div><div  class=\"fusion-layout-column fusion_builder_column fusion_builder_column_1_1 fusion-builder-column-5 fusion-one-full fusion-column-first fusion-column-last 1_1\"  style='margin-top:0px;margin-bottom:20px;'>\n\t\t\t\t\t<div class=\"fusion-column-wrapper\" style=\"background-position:left top;background-repeat:no-repeat;-webkit-background-size:cover;-moz-background-size:cover;-o-background-size:cover;background-size:cover;\"   data-bg-url=\"\">\n\t\t\t\t\t\t<style type=\"text\/css\"><\/style><div class=\"fusion-title title fusion-title-5 fusion-sep-none fusion-title-text fusion-title-size-two\" style=\"margin-top:0px;margin-bottom:31px;\"><h2 class=\"title-heading-left\" style=\"margin:0;\">Markten<\/h2><\/div><div class=\"fusion-clearfix\"><\/div>\n\n\t\t\t\t\t<\/div>\n\t\t\t\t<\/div><div  class=\"fusion-layout-column fusion_builder_column fusion_builder_column_1_2 fusion-builder-column-6 fusion-one-half fusion-column-first 1_2\"  style='margin-top:0px;margin-bottom:20px;width:50%;width:calc(50% - ( ( 4% ) * 0.5 ) );margin-right: 4%;'>\n\t\t\t\t\t<div class=\"fusion-column-wrapper\" style=\"background-position:left top;background-repeat:no-repeat;-webkit-background-size:cover;-moz-background-size:cover;-o-background-size:cover;background-size:cover;\"   data-bg-url=\"\">\n\t\t\t\t\t\t<div class=\"fusion-text\"><p>Vind de streekproducten op de wekelijkse markten en tijdens de jaarmarkten in het centrum van Lamastre. De marktverkopers zullen u met alle plezier de specialiteiten van onze streek laten ontdekken.<\/p>\n<p>Het &#8216;jachtseizoen is geopend&#8217; voor de liefhebbers van lokale producten en fijne gerechten. <\/p>\n<p>Tijdens uw wandeling over de markt zult u allerlei heerlijke smaken en verse producten ontdekken.<\/p>\n<\/div><div class=\"fusion-clearfix\"><\/div>\n\n\t\t\t\t\t<\/div>\n\t\t\t\t<\/div><div  class=\"fusion-layout-column fusion_builder_column fusion_builder_column_1_2 fusion-builder-column-7 fusion-one-half fusion-column-last 1_2\"  style='margin-top:0px;margin-bottom:20px;width:50%;width:calc(50% - ( ( 4% ) * 0.5 ) );'>\n\t\t\t\t\t<div class=\"fusion-column-wrapper\" style=\"background-position:left top;background-repeat:no-repeat;-webkit-background-size:cover;-moz-background-size:cover;-o-background-size:cover;background-size:cover;\"   data-bg-url=\"\">\n\t\t\t\t\t\t<div class=\"fusion-text\"><ul style=\"margin-top:0\">\n<li><strong>Maandag<\/strong>: Le Cheylard (in de avond in het seizoen).<\/li>\n<li><strong>Dinsdag<\/strong>: Grote Markt kermis in het centrum van Lamastre.<\/li>\n<li><strong>Woensdag<\/strong>: Le Cheylard en Saint P\u00e9ray.<\/li>\n<li><strong>Donderdag<\/strong>: Vernoux en Vivarais.<\/li>\n<li><strong>Vrijdag<\/strong>: march\u00e9 \u00e0 La Voulte sur Rh\u00f4ne en Le Cheylard (in de avond in het seizoen).<\/li>\n<li><strong>Zaterdag<\/strong>: Streekproducten markt in Lamastre.<\/li>\n<li><strong>Zondag<\/strong>: D\u00e9saignes en streekproducten markt in Vernoux en Vivarais in Juli \/ Augustus.<\/li>\n<\/ul>\n<\/div><div class=\"fusion-clearfix\"><\/div>\n\n\t\t\t\t\t<\/div>\n\t\t\t\t<\/div><div  class=\"fusion-layout-column fusion_builder_column fusion_builder_column_1_1 fusion-builder-column-8 fusion-one-full fusion-column-first fusion-column-last 1_1\"  style='margin-top:0px;margin-bottom:20px;'>\n\t\t\t\t\t<div class=\"fusion-column-wrapper\" style=\"background-position:left top;background-repeat:no-repeat;-webkit-background-size:cover;-moz-background-size:cover;-o-background-size:cover;background-size:cover;\"   data-bg-url=\"\">\n\t\t\t\t\t\t<style type=\"text\/css\"><\/style><div class=\"fusion-title title fusion-title-6 fusion-sep-none fusion-title-text fusion-title-size-two\" style=\"margin-top:0px;margin-bottom:31px;\"><h2 class=\"title-heading-left\" style=\"margin:0;\">Jaarmarkten<\/h2><\/div><div class=\"fusion-clearfix\"><\/div>\n\n\t\t\t\t\t<\/div>\n\t\t\t\t<\/div><div  class=\"fusion-layout-column fusion_builder_column fusion_builder_column_1_2 fusion-builder-column-9 fusion-one-half fusion-column-first 1_2\"  style='margin-top:0px;margin-bottom:20px;width:50%;width:calc(50% - ( ( 4% ) * 0.5 ) );margin-right: 4%;'>\n\t\t\t\t\t<div class=\"fusion-column-wrapper\" style=\"background-position:left top;background-repeat:no-repeat;-webkit-background-size:cover;-moz-background-size:cover;-o-background-size:cover;background-size:cover;\"   data-bg-url=\"\">\n\t\t\t\t\t\t<div class=\"fusion-text\"><p>In het stadscentrum van Lamastre:<\/p>\n<ul>\n<li><strong>Lentemarkt<\/strong>: 1ste zaterdag van mei.<\/li>\n<li><strong>Markten met creaties<\/strong>: juli\/augustus.<\/li>\n<li><strong>Beurs voor ambachten<\/strong>: juli\/augustus.<\/li>\n<li><strong>Gastronomische avond &#8220;Vall\u00e9e du Doux, Vall\u00e9e du Go\u00fbt&#8221;<\/strong>: in augustus.<\/li>\n<li><strong>Herfstmarkt<\/strong>: laatste zaterdag van september.<\/li>\n<\/ul>\n<\/div><div class=\"fusion-clearfix\"><\/div>\n\n\t\t\t\t\t<\/div>\n\t\t\t\t<\/div><div  class=\"fusion-layout-column fusion_builder_column fusion_builder_column_1_2 fusion-builder-column-10 fusion-one-half fusion-column-last 1_2\"  style='margin-top:0px;margin-bottom:20px;width:50%;width:calc(50% - ( ( 4% ) * 0.5 ) );'>\n\t\t\t\t\t<div class=\"fusion-column-wrapper\" style=\"background-position:left top;background-repeat:no-repeat;-webkit-background-size:cover;-moz-background-size:cover;-o-background-size:cover;background-size:cover;\"   data-bg-url=\"\">\n\t\t\t\t\t\t<div class=\"fusion-text\"><p>Maar ook&#8230;<\/p>\n<ul>\n<li><strong>Frambozenfeest<\/strong>: in Nozi\u00e8res, begin augustus.<\/li>\n<li><strong>Kastanje markt<\/strong>: in D\u00e9saignes in oktober.<\/li>\n<li><strong>Jaarmarkt gewijd aan de bloedworst<\/strong>: in Saint Barth\u00e9lemy Grozon (november).<\/li>\n<\/ul>\n<\/div><div class=\"fusion-clearfix\"><\/div>\n\n\t\t\t\t\t<\/div>\n\t\t\t\t<\/div><div  class=\"fusion-layout-column fusion_builder_column fusion_builder_column_1_1 fusion-builder-column-11 fusion-one-full fusion-column-first fusion-column-last 1_1\"  style='margin-top:0px;margin-bottom:20px;'>\n\t\t\t\t\t<div class=\"fusion-column-wrapper\" style=\"background-position:left top;background-repeat:no-repeat;-webkit-background-size:cover;-moz-background-size:cover;-o-background-size:cover;background-size:cover;\"   data-bg-url=\"\">\n\t\t\t\t\t\t<style type=\"text\/css\"><\/style><div class=\"fusion-title title fusion-title-7 fusion-sep-none fusion-title-text fusion-title-size-two\" style=\"margin-top:0px;margin-bottom:31px;\"><h2 class=\"title-heading-left\" style=\"margin:0;\">Gastronomie<\/h2><\/div><div class=\"fusion-text\"><p><strong>Kastanje boerderij (La Ferme du ch\u00e2taignier) in Lamastre<\/strong> (op 15 mn)<br \/>\n<a class=\"link\" href=\"http:\/\/www.ferme-du-chataignier.com\/\" target=\"_blank\">Bezoek aan de kastanje kwekerij<\/a> en de werkplaats voor de verwerking van producten op basis van kastanjes, proeverij en verkoop.<\/p>\n<p><strong>Donderdag op de boerderij<\/strong><br \/>\nElke donderdag in juli en augustus, een aantal boerderijen en ambachtslieden openen hun deuren van 15h00 tot 19h00 voor een rondleiding van de exploitatie en een proeverij van hun producten.<\/p>\n<\/div><div class=\"fusion-clearfix\"><\/div>\n\n\t\t\t\t\t<\/div>\n\t\t\t\t<\/div><div  class=\"fusion-layout-column fusion_builder_column fusion_builder_column_1_1 fusion-builder-column-12 fusion-one-full fusion-column-first fusion-column-last 1_1\"  style='margin-top:0px;margin-bottom:20px;'>\n\t\t\t\t\t<div class=\"fusion-column-wrapper\" style=\"background-position:left top;background-repeat:no-repeat;-webkit-background-size:cover;-moz-background-size:cover;-o-background-size:cover;background-size:cover;\"   data-bg-url=\"\">\n\t\t\t\t\t\t<style type=\"text\/css\"><\/style><div class=\"fusion-title title fusion-title-8 fusion-sep-none fusion-title-text fusion-title-size-two\" style=\"margin-top:0px;margin-bottom:31px;\"><h2 class=\"title-heading-left\" style=\"margin:0;\">Bezoeken<\/h2><\/div><div class=\"fusion-text\"><p><strong>Het Kasteel van Maisonseule in Saint Basile<\/strong> &#8211; op 25 mn<br \/>\n<a class=\"link\" href=\"http:\/\/www.maisonseule.fr\/\" target=\"_blank\">Ch\u00e2teau de Maisonseule<\/a>, ligt in het midden van een bosgebied van 85 hectare, op een hoogte van 700 m. Het is een fort uit de 13e eeuw met een uitzonderlijk uitzicht over het gebergte van de Ard\u00e8che. Het kan worden bezocht tijdens de Europese Open Monumentendag.<\/p>\n<p><strong>Dorp van Lalouvesc<\/strong> &#8211; op 45 mn<br \/>\n<a class=\"link\" href=\"http:\/\/www.valday-ardeche.com\/decouverte\/le-territoire\/lalouvesc\/\" target=\"_blank\">Lalouvesc<\/a> is een belangrijk bedevaartsoord centrum met een rijk erfgoed en een prachtig panorama.<\/p>\n<p><strong>Museum van Alembic in Saint Desirat<\/strong> &#8211; op 1h00<br \/>\n<a class=\"link\" href=\"http:\/\/www.jeangauthier.com\/\" target=\"_blank\">Het museum La Disteillerie Jean Gauthier<\/a> verhaalt over de charme en de geschiedenis van een verdwenen verleden, dat van reizende distilleerders. Gratis toegang.<\/p>\n<p><strong>Safari van Peaugres<\/strong> &#8211; op 1h10<br \/>\n<a class=\"link\" href=\"http:\/\/www.safari-peaugres.com\/\" target=\"_blank\">De Safari van Peaugres<\/a> is een van de grootste dierenparken in Frankrijk (te bezoeken te voet en met de auto).<\/p>\n<\/div><div class=\"fusion-clearfix\"><\/div>\n\n\t\t\t\t\t<\/div>\n\t\t\t\t<\/div><\/div><\/div>\n","protected":false},"excerpt":{"rendered":"","protected":false},"author":1,"featured_media":0,"parent":0,"menu_order":0,"comment_status":"closed","ping_status":"closed","template":"","meta":[],"_links":{"self":[{"href":"https:\/\/www.campinglesroches.com\/nl\/wp-json\/wp\/v2\/pages\/604"}],"collection":[{"href":"https:\/\/www.campinglesroches.com\/nl\/wp-json\/wp\/v2\/pages"}],"about":[{"href":"https:\/\/www.campinglesroches.com\/nl\/wp-json\/wp\/v2\/types\/page"}],"author":[{"embeddable":true,"href":"https:\/\/www.campinglesroches.com\/nl\/wp-json\/wp\/v2\/users\/1"}],"replies":[{"embeddable":true,"href":"https:\/\/www.campinglesroches.com\/nl\/wp-json\/wp\/v2\/comments?post=604"}],"version-history":[{"count":8,"href":"https:\/\/www.campinglesroches.com\/nl\/wp-json\/wp\/v2\/pages\/604\/revisions"}],"predecessor-version":[{"id":829,"href":"https:\/\/www.campinglesroches.com\/nl\/wp-json\/wp\/v2\/pages\/604\/revisions\/829"}],"wp:attachment":[{"href":"https:\/\/www.campinglesroches.com\/nl\/wp-json\/wp\/v2\/media?parent=604"}],"curies":[{"name":"wp","href":"https:\/\/api.w.org\/{rel}","templated":true}]}}